{"id":1482,"date":"2021-09-22T08:01:37","date_gmt":"2021-09-22T08:01:37","guid":{"rendered":"https:\/\/www.ziabrand.com\/?page_id=1482"},"modified":"2024-03-12T09:35:25","modified_gmt":"2024-03-12T09:35:25","slug":"politica-de-privacidad","status":"publish","type":"page","link":"https:\/\/www.ziabrand.com\/en\/politica-de-privacidad\/","title":{"rendered":"POLITICA DE PRIVACIDAD"},"content":{"rendered":"<div data-elementor-type=\"wp-page\" data-elementor-id=\"1482\" class=\"elementor elementor-1482\">\n\t\t\t\t<div class=\"elementor-element elementor-element-42ddf45b e-flex e-con-boxed e-con e-parent\" data-id=\"42ddf45b\" data-element_type=\"container\" data-e-type=\"container\">\n\t\t\t\t\t<div class=\"e-con-inner\">\n\t\t\t\t<div class=\"elementor-element elementor-element-79be838e elementor-widget elementor-widget-text-editor\" data-id=\"79be838e\" data-element_type=\"widget\" data-e-type=\"widget\" data-widget_type=\"text-editor.default\">\n\t\t\t\t<div class=\"elementor-widget-container\">\n\t\t\t\t\t\t\t\t\t<p><\/p>\n<p><strong>LEGAL NOTICE<\/strong><\/p>\n<p><\/p>\n<p><\/p>\n<p><strong><strong>Introducci\u00f3n<\/strong><\/strong><\/p>\n<p><\/p>\n<p><\/p>\n<p>Las presentes reglas regulan el uso del Portal de Internet <a href=\"https:\/\/www.ziabrand.com\/en\/\">\u00abw<\/a>w<a href=\"https:\/\/www.ziabrand.com\/en\/\">w.ziabrand.com\u00bb. <\/a>La utilizaci\u00f3n del Portal expresa la aceptaci\u00f3n del usuario de todas y cada una de las reglas que contin\u00faan, por lo que el usuario debe leerlas en cada una de las ocasiones en que se proponga utilizar el Portal.<\/p>\n<p><\/p>\n<p><\/p>\n<p>La solicitud de informaci\u00f3n de ciertos servicios conlleva la obtenci\u00f3n de datos de car\u00e1cter personal. La informaci\u00f3n legal correspondiente a la obtenci\u00f3n de datos de car\u00e1cter personal se encuentra en Pol\u00edtica de Privacidad.<\/p>\n<p><\/p>\n<p><\/p>\n<p>Julianea S.L. se reserva el derecho de efectuar sin previo aviso las modificaciones que considere oportunas en la presentaci\u00f3n, configuraci\u00f3n, servicios, elementos, contenidos o condiciones requeridas para utilizar el Portal.<\/p>\n<p><\/p>\n<p><\/p>\n<p>Titularidad<\/p>\n<p><\/p>\n<p><\/p>\n<p>Todos los derechos de propiedad industrial e intelectual del Portal y de los elementos y contenidos del mismo, cualquiera que sea su tipolog\u00eda, pertenecen a Julianea S.L. o, en su caso, a terceras personas. El usuario podr\u00e1 visualizar tales elementos y contenidos e incluso imprimirlos, copiarlos y almacenarlos en el disco duro de su ordenador o en cualquier otro soporte f\u00edsico, siempre y cuando sea \u00fanica y exclusivamente para su uso personal y privado, quedando, por tanto, terminantemente prohibida su utilizaci\u00f3n con fines comerciales, su distribuci\u00f3n, as\u00ed como su modificaci\u00f3n, alteraci\u00f3n o descompilaci\u00f3n.<\/p>\n<p><\/p>\n<p><\/p>\n<p>El usuario usar\u00e1 los elementos o contenidos de forma diligente, correcta y l\u00edcita y, en particular, se compromete a abstenerse de:<\/p>\n<p><\/p>\n<p><\/p>\n<ul class=\"wp-block-list\">\n<li>Utilizarlos de forma, con fines o efectos contrarios a la ley, a la moral y a las buenas costumbres generalmente aceptadas o al orden p\u00fablico.<\/li>\n<li>Reproducir, transformar, modificar, distribuir o permitir el acceso del p\u00fablico a trav\u00e9s de cualquier modalidad de comunicaci\u00f3n p\u00fablica, a menos que se cuente con la autorizaci\u00f3n de Julianea S.L.<\/li>\n<li>Suprimir, eludir o manipular el \u00abCopyright\u00bb y dem\u00e1s datos identificativos de los derechos de Julianea S.L. o de terceros incorporados a los elementos.<\/li>\n<\/ul>\n<p><\/p>\n<p><\/p>\n<p><strong>Acceso al Portal<\/strong><\/p>\n<p><\/p>\n<p><\/p>\n<p><strong>El acceso al Portal es libre y gratuito, sin embargo Julianea<\/strong><\/p>\n<p><\/p>\n<p><\/p>\n<p>S.L. reserva algunos de los Servicios ofrecidos a trav\u00e9s del Portal a los usuarios registrados de Julianea S.L.. No obstante, Julianea S.L. pone a disposici\u00f3n de los usuarios determinados Servicios cuya utilizaci\u00f3n requiere la cumplimentaci\u00f3n de registros adicionales por parte de los usuarios. En ambos casos Ud. se compromete a usar y conservar su nombre de usuario y su contrase\u00f1a o password (en adelante y de modo conjunto las \u00abClaves de Acceso\u00bb) de conformidad con lo establecido en los siguientes puntos:<\/p>\n<p><\/p>\n<p><\/p>\n<ul class=\"wp-block-list\">\n<li>Las Claves de Acceso ser\u00e1n asignadas autom\u00e1ticamente por Julianea S.L. La asignaci\u00f3n de las Claves de Acceso se produce de manera autom\u00e1tica y el \u00fanico criterio empleado<\/li>\n<\/ul>\n<p><\/p>\n<p><\/p>\n<p>al efecto es la inexistencia de unas Claves de Acceso previas que sean id\u00e9nticas a las elegidas por el usuario.<\/p>\n<p><\/p>\n<p><\/p>\n<ul class=\"wp-block-list\">\n<li>El usuario se compromete a hacer un uso diligente de las Claves de Acceso, as\u00ed como a no poner a disposici\u00f3n de terceros sus Claves de Acceso.<\/li>\n<li>El usuario se compromete a comunicar a Julianea S.L. a la mayor brevedad la p\u00e9rdida o robo de las Claves de Acceso as\u00ed como cualquier riesgo de acceso a las mismas por un tercero.<\/li>\n<\/ul>\n<p><\/p>\n<p><\/p>\n<p><strong>Uso<\/strong><\/p>\n<p><\/p>\n<p><\/p>\n<p>El usuario se compromete a hacer un uso adecuado de los contenidos y servicios que se ofrecen a trav\u00e9s de este Portal y a no emplearlos para:<\/p>\n<p><\/p>\n<p><\/p>\n<ul class=\"wp-block-list\">\n<li>incurrir en actividades il\u00edcitas, ilegales o contrarias a la buena fe y al orden p\u00fablico.<\/li>\n<li>difundir contenidos o propaganda de car\u00e1cter racista, xen\u00f3fobo, pornogr\u00e1fico-ilegal, de apolog\u00eda del terrorismo o atentatorio contra los derechos humanos<\/li>\n<li>provocar da\u00f1os en sistemas f\u00edsicos y l\u00f3gicos de Julianea S.L., de sus proveedores o de terceras personas, introducir o difundir en la red virus inform\u00e1ticos o cualesquiera otros sistemas f\u00edsicos o l\u00f3gicos que sean susceptibles de provocar los da\u00f1os anteriormente mencionados<\/li>\n<li>intentar acceder y, en su caso, utilizar las cuentas de correo electr\u00f3nico de otros usuarios o servicios personales y modificar o manipular sus mensajes o contenido<\/li>\n<li>realizar spamming o env\u00edo de correo electr\u00f3nico no solicitado a trav\u00e9s de este Portal<\/li>\n<li>realizar cualquier otro uso que de cualquier forma puedan da\u00f1ar, inutilizar, sobrecargar o deteriorar el Portal o los<\/li>\n<\/ul>\n<p><\/p>\n<p><\/p>\n<p>servicios o impedir la normal utilizaci\u00f3n o disfrute del Portal o de los servicios por parte de los usuarios.<\/p>\n<p><\/p>\n<p><\/p>\n<p>Julianea S.L. no tiene obligaci\u00f3n de controlar y no controla la utilizaci\u00f3n que los usuarios hacen del Portal, de los servicios y de los contenidos. Julianea S.L. excluye cualquier responsabilidad por los da\u00f1os y perjuicios de toda naturaleza que pudieran deberse a la utilizaci\u00f3n de los servicios y de los contenidos por parte de los usuarios.<\/p>\n<p><\/p>\n<p><\/p>\n<p>El usuario ser\u00e1 responsable de las infracciones en que pueda incurrir o de los perjuicios que cause en su uso, exonerando a Julianea S.L. de toda responsabilidad y asumiendo todos los gastos que se le pudieran irrogar a Julianea S.L. por reclamaciones de terceros.<\/p>\n<p><\/p>\n<p><\/p>\n<p><strong>Links, Hyperlinks y MetaTags<\/strong><\/p>\n<p><\/p>\n<p><\/p>\n<p>Este Portal pone a disposici\u00f3n de los usuarios dispositivos t\u00e9cnicos de enlace (links, banners, botones), directorios y herramientas de b\u00fasqueda que permiten a los usuarios acceder a sitios Web pertenecientes a terceros. Dichos enlaces tienen como \u00fanico objetivo facilitar a los usuarios el acceso a otros contenidos e informaci\u00f3n disponible en Internet. Julianea S.L., no se convierte en editor de dichos contenidos ni los controla previamente, aprueba, vigila ni hace propios. El usuario, por tanto, debe extremar la prudencia en la valoraci\u00f3n y utilizaci\u00f3n de la informaci\u00f3n, contenidos y servicios existentes en los sitios enlazados.<\/p>\n<p><\/p>\n<p><\/p>\n<p>Julianea S.L. no asume ning\u00fan tipo de responsabilidad por los da\u00f1os y perjuicios de toda clase que puedan derivarse de la calidad, fiabilidad, exactitud, correcci\u00f3n, funcionamiento, disponibilidad, accesibilidad, continuidad,<\/p>\n<p><\/p>\n<p><\/p>\n<p>licitud, utilidad o cualquier otro aspecto de la informaci\u00f3n y servicios de dichos contenidos.<\/p>\n<p><\/p>\n<p><\/p>\n<p>Queda prohibida la utilizaci\u00f3n de las marcas o nombres titularidad de Julianea S.L. para la optimizaci\u00f3n de los buscadores de la red, tanto mediante su incorporaci\u00f3n en c\u00f3digo de las p\u00e1ginas Web como mediante su incorporaci\u00f3n en las palabras claves de los banners.<\/p>\n<p><\/p>\n<p><\/p>\n<p>Cualquier tercero que se proponga realizar un hyperlink o hiperenlace con este Portal deber\u00e1 contar con la autorizaci\u00f3n previa de Julianea S.L. En cualquier caso el establecimiento del Hyperlink no implica la existencia de relaciones entre Julianea S.L. y el propietario de la p\u00e1gina Web desde la que se proceda.<\/p>\n<p><\/p>\n<p><\/p>\n<p><strong>Exclusiones de Responsabilidades y garant\u00edas Julianea S.L. no garantiza:<\/strong><\/p>\n<p><\/p>\n<p><\/p>\n<ul class=\"wp-block-list\">\n<li>La disponibilidad y continuidad del funcionamiento del Portal y de los servicios.<\/li>\n<li>La privacidad y seguridad en la utilizaci\u00f3n del Portal y de los Servicios.<\/li>\n<li>Que terceros no autorizados no puedan tener conocimiento de la clase, condiciones, caracter\u00edsticas y circunstancias del uso que los usuarios hacen del Portal y de los servicios.<\/li>\n<li>La ausencia de virus ni de otros elementos en el Portal que puedan producir alteraciones en su sistema inform\u00e1tico, excluyendo cualquier responsabilidad por los da\u00f1os y perjuicios de toda naturaleza que puedan deberse por tal falta de disponibilidad.<\/li>\n<\/ul>\n<p><\/p>\n<p><\/p>\n<ul class=\"wp-block-list\">\n<li>La licitud, fiabilidad y utilidad de los elementos y los contenidos.<\/li>\n<\/ul>\n<p><\/p>\n<p><\/p>\n<p>Julianea S.L. excluye cualquier responsabilidad que pudiera dimanarse de dichas circunstancias.<\/p>\n<p><\/p>\n<p><\/p>\n<p><strong>Retirada del acceso<\/strong><\/p>\n<p><\/p>\n<p><\/p>\n<p>Julianea S.L. se reserva el derecho a denegar o retirar el acceso al Portal y\/o a los Servicios, en cualquier momento y sin necesidad de preaviso a aquellos usuarios que incumplan estas normas.<\/p>\n<p><\/p>\n<p><\/p>\n<p><strong>Informaci\u00f3n General<\/strong><\/p>\n<p><\/p>\n<p><\/p>\n<p>En cumplimiento de lo dispuesto en el art\u00edculo 10 de la Ley 34\/2002, de 11 de julio, de Servicios de la Sociedad de la Informaci\u00f3n y Comercio Electr\u00f3nico, se pone a disposici\u00f3n de los Usuarios la informaci\u00f3n general relativa<\/p>\n<p><\/p>\n<p><\/p>\n<p>Julianea S.L.:<\/p>\n<p><\/p>\n<p><\/p>\n<p>Julianea S.L. CIF: B-45300969<\/p>\n<p><\/p>\n<p><\/p>\n<p>C\/ Mar\u00eda de Pacheco s\/n &#8211; Corral de Almaguer 45880 Toledo &#8211; Espa\u00f1a<\/p>\n<p><\/p>\n<p><\/p>\n<p>Tel\u00e9fono : 925 19 13 65<\/p>\n<p><\/p>\n<p><\/p>\n<p>Fax: 925 19 13 01<\/p>\n<p><\/p>\n<p><\/p>\n<p><a href=\"mailto:info@julianea.com\">info@julianea.com <\/a>Esta direcci\u00f3n electr\u00f3nica esta protegida contra spam bots. Necesita activar JavaScript para visualizarla<\/p>\n<p><\/p>\n<p><\/p>\n<p><strong>Ley y Jurisdicci\u00f3n<\/strong><\/p>\n<p><\/p>\n<p><\/p>\n<p>Resultan de aplicaci\u00f3n las Leyes del Reino de Espa\u00f1a. Se encomienda la interpretaci\u00f3n de las normas a los Tribunales de Madrid Capital.<\/p>\n<p><\/p>\n<p><\/p>\n<p><strong>Avisos<\/strong><\/p>\n<p><\/p>\n<p><\/p>\n<p>En el caso de que cualquier tercero considere que existen hechos o circunstancias il\u00edcitas o susceptibles de ser consideradas il\u00edcitas se ruega lo comunique al siguiente e- mail:<\/p>\n<p><\/p>\n<p><\/p>\n<p><a href=\"mailto:info@julianea.com\">info@julianea.com <\/a>Esta direcci\u00f3n electr\u00f3nica esta protegida contra spam bots. Necesita activar JavaScript para visualizarla.<\/p>\n<p><\/p>\n<p><\/p>\n<p><a><\/a><strong>Cl\u00e1usula de protecci\u00f3n de Datos Personales<\/strong><\/p>\n<p><\/p>\n<p><\/p>\n<p>De acuerdo con lo establecido en la Ley Org\u00e1nica 15\/1999, de 13 de diciembre, de Protecci\u00f3n de Datos de car\u00e1cter Personal, Julianea S.L., solicita su autorizaci\u00f3n para realizar el tratamiento de sus datos, quedando el Cliente\/Usuario informado de la incorporaci\u00f3n de sus datos a los ficheros automatizados existentes en Julianea S.L.<\/p>\n<p><\/p>\n<p><\/p>\n<p>Asimismo, queda informado del tratamiento automatizado a que van a ser sometidos todos sus datos a los que la Compa\u00f1\u00eda tenga acceso como consecuencia de su navegaci\u00f3n por las p\u00e1ginas web titularidad de JulianeaS.L., de la consulta, solicitud o contrataci\u00f3n de cualquier servicio o producto, o de cualquier transacci\u00f3n u operaci\u00f3n realizada, para las finalidades de comercializaci\u00f3n de nuestros servicios, del mantenimiento de su relaci\u00f3n contractual y de gesti\u00f3n de Julianea S.L. y al objeto de adecuar nuestras ofertas comerciales a su perfil particular. El Cliente\/Usuario tiene derecho a oponerse al tratamiento de cualquiera de sus datos que no sean imprescindibles<\/p>\n<p><\/p>\n<p><\/p>\n<p>para la celebraci\u00f3n del contrato y a su utilizaci\u00f3n para cualquier finalidad distinta del mantenimiento de su relaci\u00f3n contractual, siendo facultativas las respuestas que pudiere dar a las cuestiones que se le planteen al margen del contrato.<\/p>\n<p><\/p>\n<p><\/p>\n<p>El Cliente\/Usuario acepta que puedan ser cedidos sus datos, exclusivamente para las finalidades a las que se refiere el p\u00e1rrafo anterior, a sociedades participadas por Julianea S.L., o a otras con las que Julianea S.L. concluya acuerdos de colaboraci\u00f3n. Asimismo, el Cliente\/Usuario acepta que Julianea S.L. o sus sociedades filiales y participadas, le remitan informaci\u00f3n sobre cualesquiera bienes o servicios que comercialicen. La aceptaci\u00f3n del Cliente\/Usuario para que puedan ser tratados o cedidos sus datos en la forma establecida en este p\u00e1rrafo, tiene siempre car\u00e1cter revocable, sin efectos retroactivos, conforme a lo que disponen los art\u00edculos 6 y 11 de la Ley Org\u00e1nica 15\/1999.<\/p>\n<p><\/p>\n<p><\/p>\n<p>Los movimientos realizados a trav\u00e9s de todo tipo de medios interactivos por el Cliente\/Usuario en las p\u00e1ginas web titularidad de Julianea S.L. quedar\u00e1n registrados en un archivo inform\u00e1tico y tratados con las mismas finalidades descritas en los anteriores p\u00e1rrafos. Dicho archivo de movimientos permite a Julianea S.L. localizar las incidencias y problemas que puedan surgir, solventarlos en el menor plazo posible y seguir ofreciendo al Cliente\/ Usuario los servicios que solicita y otros que puedan ser de su inter\u00e9s, sin necesidad de que, una vez se haya registrado por primera vez, tenga que registrarse en cada visita para acceder a las \u00e1reas y servicios a \u00e9l reservados, pero sin que, en ning\u00fan caso, dichos archivos proporcionen el nombre y apellidos del Cliente\/Usuario, ni permitan leer<\/p>\n<p><\/p>\n<p><\/p>\n<p><strong>datos de su disco duro, ni los eventuales archivos inform\u00e1ticos creados por otros proveedores.<\/strong><\/p>\n<p><\/p>\n<p><\/p>\n<p>El Cliente\/Usuario queda, igualmente, informado sobre la posibilidad de ejercer los derechos de acceso, rectificaci\u00f3n, cancelaci\u00f3n, en los t\u00e9rminos establecidos en la legislaci\u00f3n vigente, pudiendo utilizar para ello cualquiera de los canales de comunicaci\u00f3n de Julianea S.L., bien sea dirigi\u00e9ndose a alguna de nuestra oficina sita en la C\/ Horcajo n\u00ba 5, Nave 3, 28320 Pinto (Madrid), o trav\u00e9s del correo electr\u00f3nico <a href=\"mailto:info@julianea.com\">info@julianea.com.<\/a><\/p>\n<p><\/p>\n<p><\/p>\n<p>La titularidad de los ficheros de datos personales corresponde a Julianea S.L., con CIF: B-45300969, C\/ Mar\u00eda de Pacheco s\/n 45880 Corral de Almaguer (Toledo). Por \u00faltimo, le informamos que los ficheros de Julianea S.L. donde est\u00e1n guardados todos sus datos cumple con todas las medidas de seguridad que garantizan la confidencialidad y seguridad del tratamiento de sus datos por lo que le garantizamos la m\u00e1s absoluta seguridad de la informaci\u00f3n que nos facilite. El Cliente\/Usuario responden de la veracidad de los datos facilitados, reserv\u00e1ndose Julianea S.L. el derecho a excluirlos, caso de constatar la falsedad de los mismos.<\/p>\n<p><\/p>\n<p><\/p>\n<p><a><\/a><strong>Env\u00edo de correo electr\u00f3nico, fax u otros medios de comunicaci\u00f3n<\/strong><\/p>\n<p><\/p>\n<p><\/p>\n<p>Por la presente cl\u00e1usula el Cliente\/Usuario presta su pleno consentimiento a Julianea S.L. para que pueda proceder al env\u00edo al cliente de comunicaciones comerciales, publicitarias y promocionales por correo electr\u00f3nico, fax o por otros medios de comunicaci\u00f3n electr\u00f3nica equivalentes, por lo que los datos referentes a los mismos ser\u00e1n utilizados para llevar a cabo dichas comunicaciones, y ello al amparo de lo establecido en la Ley 34\/2002 de 11 de<\/p>\n<p><\/p>\n<p><\/p>\n<p>Julio, de Servicios de la Sociedad de la Informaci\u00f3n y de Comercio Electr\u00f3nico, y a la Ley 32\/2003, de 3 de noviembre, General de Telecomunicaciones. No obstante, le informamos que podr\u00e1 revocar el consentimiento, en cada comunicado comercial o publicitario que se le haga llegar, y en cualquier momento, mediante notificaci\u00f3n a esta compa\u00f1\u00eda domicilio social de Julianea S.L., C\/ Mar\u00eda de Pacheco s\/n 45880 Corral de Almaguer (Toledo), o trav\u00e9s del correo electr\u00f3nico <a href=\"mailto:info@hotmail.com\">info@hotmail.com.<\/a><\/p>\n<p><\/p>\n<p><\/p>\n<p><a><\/a><strong>Confidencialidad<\/strong><\/p>\n<p><\/p>\n<p><\/p>\n<p>Julianea S.L. se compromete a proteger la informaci\u00f3n confidencial a la que tenga acceso de la misma manera en que protege la suya propia de naturaleza similar.<\/p>\n<p><\/p>\n<p><\/p>\n<p>Julianea S.L. no emplear\u00e1 en ning\u00fan caso los datos puestos a su disposici\u00f3n por el Cliente\/Usuario para prestar servicios a terceros o para lograr una utilidad propia, sino \u00fanicamente para prestar al Cliente\/Usuario los servicios solicitados.<\/p>\n<p><\/p>\n<p><\/p>\n<p>Julianea S.L. utilizar\u00e1 los datos proporcionados por el Cliente\/Usuario en virtud de lo indicado en el Servicio a los \u00fanicos y exclusivos fines de la adecuada ejecuci\u00f3n del objeto de dicho Servicio. No aplicando o utilizando estos con fines distintos a los que figuren en dicho Servicio.<\/p>\n<p><\/p>\n<p><\/p>\n<h4 class=\"wp-block-heading\">Pol\u00edtica de privacidad<\/h4>\n<p><\/p>\n<p><\/p>\n<p>En relaci\u00f3n al cumplimiento de la Ley de Protecci\u00f3n de Datos, le informamos que los datos personales facilitados por Ud. en cualquiera de los formularios incluidos en este sitio web son incluidos en unos ficheros inform\u00e1ticos propiedad y responsabilidad de JULIANEA, con domicilio social en Calle Mar\u00eda de Pacheco s\/n &#8211; Corral de Almaguer<\/p>\n<p><\/p>\n<p><\/p>\n<p>45880 Toledo (Espa\u00f1a) y ser\u00e1n tratados por m\u00e9todos automatizados con la \u00fanica finalidad de hacer posible la gesti\u00f3n administrativa de nuestras relaciones comerciales, y\/o de permitir la realizaci\u00f3n de los servicios explicados en este sitio web.<\/p>\n<p><\/p>\n<p><\/p>\n<p>Puede Ud. ejercer los derechos de acceso, rectificaci\u00f3n, cancelaci\u00f3n y oposici\u00f3n que le otorga la vigente Ley 15\/1999 de Protecci\u00f3n de Datos, simplemente notific\u00e1ndolo por correo, fax o e-mail en cualquier momento mediante comunicaci\u00f3n escrita a :&nbsp;&nbsp;&nbsp;&nbsp;&nbsp;&nbsp;&nbsp;&nbsp;&nbsp;&nbsp;&nbsp;&nbsp;&nbsp;&nbsp;&nbsp;&nbsp;&nbsp;&nbsp;&nbsp;&nbsp;&nbsp;&nbsp;&nbsp;&nbsp;&nbsp;&nbsp;&nbsp;&nbsp;&nbsp;&nbsp;&nbsp;&nbsp;&nbsp;&nbsp;&nbsp;&nbsp;&nbsp;&nbsp;&nbsp; <a href=\"mailto:info@julianea.com\">info@julianea.com<\/a><\/p>\n<p><\/p>\n<p><\/p>\n<h4 class=\"wp-block-heading\">Informaci\u00f3n Legal<\/h4>\n<p><\/p>\n<p><\/p>\n<p>De acuerdo con lo dispuesto en el articulo 10 de la Ley 34\/2002, de Servicios de la Sociedad de la Informaci\u00f3n y de Comercio Electr\u00f3nico, se informa a todos nuestros clientes, usuarios y visitantes sobre la informaci\u00f3n legal relativa a la empresa propietaria del sitio web ubicado en la direcci\u00f3n de Internet: <a href=\"http:\/\/www.julianea.com\/\">www.julianea.com<\/a><\/p>\n<p><\/p>\n<p><\/p>\n<p>Julianea S.L. CIF: B-45300969<\/p>\n<p><\/p>\n<p><\/p>\n<p>C\/ Mar\u00eda de Pacheco s\/n &#8211; Corral de Almaguer 45880 Toledo &#8211; Espa\u00f1a<\/p>\n<p><\/p>\n<p><\/p>\n<p>Tel\u00e9fono : 925 19 13 65<\/p>\n<p><\/p>\n<p><\/p>\n<p>Fax: 925 19 13 01<\/p>\n<p><\/p>\n<p><\/p>\n<p><a href=\"mailto:info@julianea.com\">info@julianea.com<\/a><\/p>\n<p><\/p>\t\t\t\t\t\t\t\t<\/div>\n\t\t\t\t<\/div>\n\t\t\t\t\t<\/div>\n\t\t\t\t<\/div>\n\t\t\t\t<\/div>","protected":false},"excerpt":{"rendered":"<p>AVISO LEGAL Introducci\u00f3n Las presentes reglas regulan el uso del Portal de Internet \u00abwww.ziabrand.com\u00bb. La utilizaci\u00f3n del Portal&hellip;<\/p>","protected":false},"author":3,"featured_media":0,"parent":0,"menu_order":0,"comment_status":"closed","ping_status":"closed","template":"","meta":{"footnotes":""},"class_list":["post-1482","page","type-page","status-publish","hentry"],"_links":{"self":[{"href":"https:\/\/www.ziabrand.com\/en\/wp-json\/wp\/v2\/pages\/1482","targetHints":{"allow":["GET"]}}],"collection":[{"href":"https:\/\/www.ziabrand.com\/en\/wp-json\/wp\/v2\/pages"}],"about":[{"href":"https:\/\/www.ziabrand.com\/en\/wp-json\/wp\/v2\/types\/page"}],"author":[{"embeddable":true,"href":"https:\/\/www.ziabrand.com\/en\/wp-json\/wp\/v2\/users\/3"}],"replies":[{"embeddable":true,"href":"https:\/\/www.ziabrand.com\/en\/wp-json\/wp\/v2\/comments?post=1482"}],"version-history":[{"count":8,"href":"https:\/\/www.ziabrand.com\/en\/wp-json\/wp\/v2\/pages\/1482\/revisions"}],"predecessor-version":[{"id":3699,"href":"https:\/\/www.ziabrand.com\/en\/wp-json\/wp\/v2\/pages\/1482\/revisions\/3699"}],"wp:attachment":[{"href":"https:\/\/www.ziabrand.com\/en\/wp-json\/wp\/v2\/media?parent=1482"}],"curies":[{"name":"wp","href":"https:\/\/api.w.org\/{rel}","templated":true}]}}