{"id":1490,"date":"2021-09-22T08:09:04","date_gmt":"2021-09-22T08:09:04","guid":{"rendered":"https:\/\/www.ziabrand.com\/?page_id=1490"},"modified":"2024-03-12T09:37:38","modified_gmt":"2024-03-12T09:37:38","slug":"pago-seguro","status":"publish","type":"page","link":"https:\/\/www.ziabrand.com\/en\/pago-seguro\/","title":{"rendered":"Pago Seguro"},"content":{"rendered":"<div data-elementor-type=\"wp-page\" data-elementor-id=\"1490\" class=\"elementor elementor-1490\">\n\t\t\t\t<div class=\"elementor-element elementor-element-2620cac5 e-flex e-con-boxed e-con e-parent\" data-id=\"2620cac5\" data-element_type=\"container\" data-e-type=\"container\">\n\t\t\t\t\t<div class=\"e-con-inner\">\n\t\t\t\t<div class=\"elementor-element elementor-element-446a5b2d elementor-widget elementor-widget-text-editor\" data-id=\"446a5b2d\" data-element_type=\"widget\" data-e-type=\"widget\" data-widget_type=\"text-editor.default\">\n\t\t\t\t<div class=\"elementor-widget-container\">\n\t\t\t\t\t\t\t\t\t<p><\/p>\n<p>Usted puede elegir entre las siguientes formas de pago:&nbsp;tarjeta de cr\u00e9dito, y&nbsp;transferencia bancaria.&nbsp;La informaci\u00f3n de pago&nbsp;se transmite utilizando&nbsp;los mejores est\u00e1ndares de seguridad&nbsp;.&nbsp;Los datos de&nbsp;su tarjeta de cr\u00e9dito&nbsp;ser\u00e1n totalmente&nbsp;ilegible&nbsp;para&nbsp;terceros.&nbsp;Adem\u00e1s, si su&nbsp;tarjeta proporciona&nbsp;para esto,&nbsp;se le preguntar\u00e1&nbsp;por su CVV&nbsp;\/&nbsp;CVC&nbsp;para una mayor&nbsp;seguridad.<br><br><strong>PAGO&nbsp;CON TARJETA DE&nbsp;CR<\/strong><strong>\u00c9<\/strong><strong>DITO<\/strong><br>Elija&nbsp;la tarjeta de cr\u00e9dito&nbsp;como&nbsp;m\u00e9todo de pago&nbsp;y pagar&nbsp;con todas las tarjetas&nbsp;que llevan el&nbsp;logotipo de Visa oMasterCard.&nbsp;Cada compra&nbsp;se lleva a cabo&nbsp;con la&nbsp;m\u00e1xima seguridad mediante&nbsp;el uso de&nbsp;los&nbsp;sistemas tecnol\u00f3gicos&nbsp;y la codificaci\u00f3n&nbsp;de vanguardia&nbsp;(SSL).&nbsp;<br><br><strong>PAGO&nbsp;POR&nbsp;TRANSFERENCIA BANCARIA<\/strong><br>Las transferencias bancarias&nbsp;son&nbsp;formas de pago&nbsp;confiables y seguros&nbsp;con&nbsp;costes variables (en funci\u00f3n de la&nbsp;entidad bancaria)&nbsp;que son pagados&nbsp;por el comprador.&nbsp;Cuando usted paga&nbsp;por productos&nbsp;de transferencia bancariaque se ordenan&nbsp;s\u00f3lo ser\u00e1&nbsp;enviado&nbsp;cuando la cantidad&nbsp;es realmente&nbsp;acreditado en&nbsp;la cuenta corriente&nbsp;especificada por&nbsp;JULIANEA SL.&nbsp;Esto debe&nbsp;llevarse a cabo&nbsp;dentro de los 5&nbsp;d\u00edas h\u00e1biles siguientes a&nbsp;la&nbsp;fecha en que la&nbsp;orden fue&nbsp;enviada, en caso contrario&nbsp;el pedido&nbsp;ser\u00e1&nbsp;autom\u00e1ticamente&nbsp;ser considerado&nbsp;nulo.&nbsp;Los datos del Banco&nbsp;se especificar\u00e1n&nbsp;por correo electr\u00f3nico cuando&nbsp;se confirma&nbsp;la orden.&nbsp;La descripci\u00f3n de&nbsp;la transferencia bancaria&nbsp;debe llevar&nbsp;el n\u00famero de orden&nbsp;(especificada&nbsp;en el correo electr\u00f3nico&nbsp;de confirmaci\u00f3n de pedido)&nbsp;y las credenciales&nbsp;del cliente.<\/p>\n<p><\/p>\t\t\t\t\t\t\t\t<\/div>\n\t\t\t\t<\/div>\n\t\t\t\t\t<\/div>\n\t\t\t\t<\/div>\n\t\t\t\t<\/div>","protected":false},"excerpt":{"rendered":"<p>Usted puede elegir entre las siguientes formas de pago:&nbsp;tarjeta de cr\u00e9dito, y&nbsp;transferencia bancaria.&nbsp;La informaci\u00f3n de pago&nbsp;se transmite utilizando&nbsp;los&hellip;<\/p>","protected":false},"author":3,"featured_media":0,"parent":0,"menu_order":0,"comment_status":"closed","ping_status":"closed","template":"","meta":{"footnotes":""},"class_list":["post-1490","page","type-page","status-publish","hentry"],"_links":{"self":[{"href":"https:\/\/www.ziabrand.com\/en\/wp-json\/wp\/v2\/pages\/1490","targetHints":{"allow":["GET"]}}],"collection":[{"href":"https:\/\/www.ziabrand.com\/en\/wp-json\/wp\/v2\/pages"}],"about":[{"href":"https:\/\/www.ziabrand.com\/en\/wp-json\/wp\/v2\/types\/page"}],"author":[{"embeddable":true,"href":"https:\/\/www.ziabrand.com\/en\/wp-json\/wp\/v2\/users\/3"}],"replies":[{"embeddable":true,"href":"https:\/\/www.ziabrand.com\/en\/wp-json\/wp\/v2\/comments?post=1490"}],"version-history":[{"count":5,"href":"https:\/\/www.ziabrand.com\/en\/wp-json\/wp\/v2\/pages\/1490\/revisions"}],"predecessor-version":[{"id":3705,"href":"https:\/\/www.ziabrand.com\/en\/wp-json\/wp\/v2\/pages\/1490\/revisions\/3705"}],"wp:attachment":[{"href":"https:\/\/www.ziabrand.com\/en\/wp-json\/wp\/v2\/media?parent=1490"}],"curies":[{"name":"wp","href":"https:\/\/api.w.org\/{rel}","templated":true}]}}