{"id":3734,"date":"2024-03-12T10:01:58","date_gmt":"2024-03-12T10:01:58","guid":{"rendered":"https:\/\/www.ziabrand.com\/?page_id=3734"},"modified":"2024-03-12T10:04:52","modified_gmt":"2024-03-12T10:04:52","slug":"politica-de-cookies-2","status":"publish","type":"page","link":"https:\/\/www.ziabrand.com\/en\/politica-de-cookies-2\/","title":{"rendered":"Pol\u00edtica de Cookies"},"content":{"rendered":"<div data-elementor-type=\"wp-page\" data-elementor-id=\"3734\" class=\"elementor elementor-3734\">\n\t\t\t\t<div class=\"elementor-element elementor-element-d89a662 e-con-full e-flex e-con e-parent\" data-id=\"d89a662\" data-element_type=\"container\" data-e-type=\"container\">\n\t\t\t\t<div class=\"elementor-element elementor-element-be4bdc0 elementor-widget elementor-widget-text-editor\" data-id=\"be4bdc0\" data-element_type=\"widget\" data-e-type=\"widget\" data-widget_type=\"text-editor.default\">\n\t\t\t\t<div class=\"elementor-widget-container\">\n\t\t\t\t\t\t\t\t\t<header><h1><span lang=\"ES-TRAD\" style=\"background-color: var(--background-color); color: var(--text-color); font-family: var(--font-text); font-size: 14px; letter-spacing: 0.0135em;\">De acuerdo con la normativa vigente, facilitamos a los Usuarios la informaci\u00f3n relativa a las cookies que utilizamos y el motivo de su uso en el sitio web WWW.ZIABRAND.COM<\/span><span style=\"background-color: var(--background-color); color: var(--text-color); font-family: var(--font-text); font-size: 14px; letter-spacing: 0.0135em;\">, as<\/span><span lang=\"ES-TRAD\" style=\"background-color: var(--background-color); color: var(--text-color); font-family: var(--font-text); font-size: 14px; letter-spacing: 0.0135em;\">\u00ed como solicitamos el consentimiento para poder utilizarlas.<\/span><\/h1><\/header><section><p><span lang=\"ES-TRAD\"><span style=\"letter-spacing: 0.189px; color: var(--text-color-body); background-color: var(--background-color); font-family: var(--font-text);\">WWW.ZIABRAND.COM<\/span>, al igual que la mayor\u00eda de los sitios en Internet, usa Cookies para mejorar y optimizar la experiencia del usuario. A continuaci\u00f3n encontrar\u00e1s informaci\u00f3n detallada sobre qu<\/span><span lang=\"FR\">\u00e9\u00a0<\/span><span lang=\"ES-TRAD\">son las\u00a0<\/span><span dir=\"RTL\" lang=\"AR-SA\">\u201c<\/span>Cookies<span lang=\"ES-TRAD\">\u201d, qu<\/span><span lang=\"FR\">\u00e9\u00a0<\/span><span lang=\"IT\">tipolog<\/span><span lang=\"ES-TRAD\">\u00ed<\/span><span lang=\"PT\">a utiliza\u00a0<\/span><span lang=\"ES-TRAD\"><span style=\"letter-spacing: 0.189px;\">WWW.ZIABRAND.COM<\/span>, c\u00f3mo puedes desactivarlas en tu navegador y c\u00f3mo bloquear espec\u00edficamente la instalaci\u00f3n de Cookies de terceros.<\/span><\/p><p><span lang=\"ES-TRAD\">\u00bf<\/span>QU<span lang=\"PT\">\u00c9\u00a0<\/span><span lang=\"ES-TRAD\">SON LAS COOKIES Y COMO LAS USA\u00a0<\/span><span lang=\"ZH-TW\"><span style=\"letter-spacing: 0.189px;\">WWW.ZIABRAND.COM<\/span>?<\/span><\/p><p><span lang=\"ES-TRAD\">Las Cookies son peque\u00f1os archivos que el sitio web o la aplicaci\u00f3n que utilizas instala en tu navegador o en tu dispositivo (Smartphone, tableta o televisi\u00f3n conectada) durante tu recorrido por las p\u00e1ginas o por la aplicaci\u00f3n, y sirven para almacenar informaci\u00f3n de tu visita. Como la mayor\u00eda de los sitios en internet,\u00a0<\/span><span style=\"letter-spacing: 0.189px; color: var(--text-color-body); background-color: var(--background-color); font-family: var(--font-text);\">WWW.ZIABRAND.COM<\/span><span lang=\"ES-TRAD\" style=\"color: var(--text-color-body); letter-spacing: 0.0135em; background-color: var(--background-color); font-family: var(--font-text);\">\u00a0<\/span><span style=\"color: var(--text-color-body); letter-spacing: 0.0135em; background-color: var(--background-color); font-family: var(--font-text);\">utiliza Cookies para:<\/span><\/p><p><span lang=\"ES-TRAD\">\u2013 Asegurar que las p\u00e1ginas web puedan funcionar correctamente.<\/span><\/p><p><span lang=\"ES-TRAD\">\u2013 Almacenar tus preferencias, como el idioma que has seleccionado o el tama\u00f1<\/span><span lang=\"PT\">o de letra.<\/span><\/p><p><span lang=\"ES-TRAD\">\u2013 Conocer la experiencia de navegaci\u00f3n.<\/span><\/p><p><span lang=\"ES-TRAD\">\u2013 Recopilar informaci\u00f3n estad\u00ed<\/span><span lang=\"IT\">stica an<\/span><span lang=\"ES-TRAD\">\u00f3nima, como qu<\/span><span lang=\"FR\">\u00e9\u00a0<\/span><span lang=\"ES-TRAD\">p\u00e1ginas ha visto el Usuario o cu\u00e1nto tiempo ha estado en nuestros medios.<\/span><\/p><p><span lang=\"ES-TRAD\"><span style=\"letter-spacing: 0.189px; color: var(--text-color-body); background-color: var(--background-color); font-family: var(--font-text);\">WWW.ZIABRAND.COM<\/span>\u00a0 utiliza Cookies para funcionar, adaptar y facilitar al m\u00e1ximo la navegaci\u00f3<\/span><span lang=\"IT\">n del Usuario.<\/span><\/p><p><span lang=\"ES-TRAD\">Las Cookies se asocian \u00fa<\/span><span lang=\"IT\">nicamente a un Usuario an<\/span><span lang=\"ES-TRAD\">\u00f3nimo y su ordenador\/dispositivo y no proporcionan referencias que permitan conocer datos personales. En todo momento podr\u00e1s acceder a la configuraci\u00f3n de tu navegador para modificar y\/o bloquear la instalaci\u00f3n de las Cookies enviadas por\u00a0<span style=\"letter-spacing: 0.189px;\">WWW.ZIABRAND.COM<\/span>\u00a0, sin que ello impida al acceso a los contenidos. Sin embargo, la calidad del funcionamiento de los Servicios puede verse afectada.<\/span><\/p><p><span lang=\"ES-TRAD\">\u00bfPOR QU<\/span><span lang=\"PT\">\u00c9\u00a0<\/span><span lang=\"ES-TRAD\">SON IMPORTANTES?<\/span><\/p><p><span lang=\"ES-TRAD\">\u2013 Desde un punto de vista t<\/span><span lang=\"FR\">\u00e9<\/span><span lang=\"ES-TRAD\">cnico, permiten que los sitios web funcionen de forma m\u00e1s \u00e1gil y adaptada a las preferencias de los Usuarios, como por ejemplo almacenar el idioma, la moneda del pa\u00eds o detectar el dispositivo de acceso.<\/span><\/p><p><span lang=\"ES-TRAD\">\u2013 Establecen niveles de protecci\u00f3n y seguridad que impiden o dificultan ciberataques contra\u00a0<\/span><span style=\"letter-spacing: 0.189px; color: var(--text-color-body); background-color: var(--background-color); font-family: var(--font-text);\">WWW.ZIABRAND.COM<\/span><span style=\"color: var(--text-color-body); letter-spacing: 0.0135em; background-color: var(--background-color); font-family: var(--font-text);\">\u00a0\u00a0o sus Usuarios.<\/span><\/p><p><span lang=\"ES-TRAD\">\u2013 Permiten que los gestores de los medios puedan conocer datos estad\u00edsticos recopilados en las Cookies para mejorar la calidad y experiencia de sus servicios.<\/span><\/p><p><span lang=\"ES-TRAD\">\u2013 Pueden servir para optimizar la publicidad que mostramos en el Portal y para personalizar dicha publicidad conforme a los h\u00e1<\/span><span lang=\"PT\">bitos de navegaci<\/span><span lang=\"ES-TRAD\">\u00f3n de los Usuarios.<\/span><\/p><p><span lang=\"ES-TRAD\">\u00bfCU\u00c1LES SON LOS DIFERENTES TIPOS DE COOKIES QUE UTILIZA\u00a0<\/span><span lang=\"ZH-TW\"><span style=\"letter-spacing: 0.189px;\">WWW.ZIABRAND.COM<\/span>?<\/span><\/p><p><span lang=\"ES-TRAD\">Las Cookies de sesi\u00f3n expiran cuando el Usuario abandona la p\u00e1gina o cierra el navegador, es decir, est\u00e1n activas mientras dura la visita a\u00a0<span style=\"letter-spacing: 0.189px;\">WWW.ZIABRAND.COM<\/span>\u00a0\u00a0y por tanto son borradas de nuestro ordenador al abandonarlo.<\/span><\/p><p><span lang=\"ES-TRAD\">Las Cookies persistentes son un tipo de cookies en el que los datos siguen almacenados en el terminal y a los que se puede acceder y tratar durante un periodo definido por el responsable de la cookie, y que puede ir de unos minutos a varios a\u00f1<\/span><span lang=\"PT\">os.<\/span><\/p><p><span lang=\"ES-TRAD\">Por otro lado, seg\u00fan quien sea la entidad que gestione el equipo o dominio desde donde se gestionan las cookies y trate los datos que se obtengan, podemos distinguir entre Cookies propias y de terceros<\/span><\/p><p><span lang=\"ES-TRAD\">\u2013 Las Cookies propias son aquellas Cookies que son asociadas a tu ordenador y gestionadas exclusivamente por\u00a0<span style=\"letter-spacing: 0.189px;\">WWW.ZIABRAND.COM<\/span>\u00a0\u00a0para el mejor funcionamiento de este sitio Web. La informaci\u00f3n que recabamos se emplea para mejorar la calidad de nuestro servicio.<\/span><\/p><p><span lang=\"ES-TRAD\">\u2013 Si interactuas con el contenido de\u00a0<span style=\"letter-spacing: 0.189px;\">WWW.ZIABRAND.COM<\/span>\u00a0\u00a0tambi<\/span><span lang=\"FR\">\u00e9<\/span><span lang=\"ES-TRAD\">n pueden establecerse Cookies de terceros (por ejemplo, al pulsar botones de redes sociales o visionar v\u00eddeos alojados en otro sitio web), que son aquellas establecidas por un dominio diferente de\u00a0<span style=\"letter-spacing: 0.189px;\">WWW.ZIABRAND.COM<\/span>. Los registros realizados en las redes sociales y las cookies asociadas a las mismas, quedan sometidas a su pol\u00ed<\/span><span lang=\"IT\">tica de cookies.<\/span><\/p><p><span lang=\"PT\">Navegar por\u00a0<span style=\"letter-spacing: 0.189px;\">WWW.ZIABRAND.COM<\/span>\u00a0<\/span><span lang=\"ES-TRAD\">\u00a0supone que se puedan instalar los siguientes tipos de Cookies:<\/span><\/p><p><span lang=\"ES-TRAD\">T<\/span><span lang=\"FR\">\u00e9<\/span><span lang=\"PT\">cnicas (Google; Twitter)<\/span><\/p><p><span lang=\"ES-TRAD\">Este tipo de Cookies nos facilita informaci\u00f3n sobre el uso que el Usuario realiza del Portal, como por ejemplo, qu<\/span><span lang=\"FR\">\u00e9\u00a0<\/span><span lang=\"ES-TRAD\">paginas ha visitado, al registrarte, cuando inicias sesi\u00f3n en el Portal o si has tenido problemas t<\/span><span lang=\"FR\">\u00e9<\/span><span lang=\"ES-TRAD\">cnicos en los accesos a ciertas p\u00e1ginas. Estas cookies no permiten identificarle, puesto que la informaci\u00f3n que recogen es an\u00f3nima y ser\u00e1\u00a0<\/span><span lang=\"PT\">utilizada\u00a0<\/span><span lang=\"ES-TRAD\">\u00fanicamente para trabajos de mejora de dise\u00f1o de las p\u00e1ginas y de navegaci\u00f3n por el Portal, estad\u00ed<\/span><span lang=\"PT\">sticas de uso, etc.<\/span><\/p><p><span lang=\"ES-TRAD\">https:\/\/www.google.es\/intl\/es\/policies\/technologies\/types\/<\/span><\/p><p><span lang=\"ES-TRAD\">https:\/\/support.twitter.com\/articles\/20170521-el-uso-que-hace-twitter-de-cookies-y-tecnologias-similares#<\/span><\/p><p><span lang=\"DE\">Anal<\/span><span lang=\"ES-TRAD\">\u00edticas (Google Analytics)<\/span><\/p><p><span lang=\"ES-TRAD\">Se utilizan con fines estad\u00ed<\/span><span lang=\"PT\">sticos\u00a0<\/span><span lang=\"ES-TRAD\">\u00fanicamente. La informaci\u00f3<\/span><span lang=\"PT\">n se utiliza para medici<\/span><span lang=\"ES-TRAD\">\u00f3n de la actividad en el sitio web.<\/span><\/p><p><span lang=\"ES-TRAD\">https:\/\/developers.google.com\/analytics\/devguides\/collection\/analyticsjs\/cookie-usage<\/span><\/p><p><span lang=\"ES-TRAD\">De personalizaci\u00f3<\/span><span lang=\"NL\">n (Facebook)<\/span><\/p><p><span lang=\"ES-TRAD\">Este tipo permite personalizar las funciones o contenidos del sitio web en funci\u00f3n de los datos obtenidos del navegador. Mediante estas Cookies podemos presentar un sitio web en el mismo idioma del navegador usado para visitar la web.<\/span><\/p><p><span lang=\"ES-TRAD\">https:\/\/fbcdn-dragon-a.akamaihd.net\/cfs-ak-prn1\/676572\/857\/360595310676682_183459869.pdf<\/span><\/p><p><span lang=\"PT\">Publicitarias (Google Adsense)<\/span><\/p><p><span lang=\"DE\">Permiten gesti<\/span><span lang=\"ES-TRAD\">\u00f3n m\u00e1s eficaz de los espacios publicitarios en base a criterios como el contenidos editado o frecuencia en la que se muestran los anuncios.<\/span><\/p><p><span lang=\"ES-TRAD\">https:\/\/www.google.es\/intl\/es\/policies\/technologies\/types\/<\/span><\/p><p><span lang=\"ES-TRAD\">\u00bfC\u00d3<\/span><span lang=\"PT\">MO PUEDO CONFIGURAR MIS COOKIES?<\/span><\/p><p><span lang=\"ES-TRAD\">Al navegar y continuar en\u00a0<span style=\"letter-spacing: 0.189px;\">WWW.ZIABRAND.COM<\/span>\u00a0\u00a0estar\u00e1s consintiendo el uso de las Cookies en las condiciones contenidas en la presente Pol\u00ed<\/span><span lang=\"IT\">tica de Cookies.\u00a0<span style=\"letter-spacing: 0.189px;\">WWW.ZIABRAND.COM<\/span>\u00a0<\/span><span lang=\"ES-TRAD\">\u00a0proporciona acceso a esta Pol\u00edtica de Cookies con el objetivo de que el Usuario est<\/span><span lang=\"FR\">\u00e9\u00a0<\/span><span lang=\"ES-TRAD\">informado, y sin perjuicio de que\u00a0<\/span><span lang=\"FR\">\u00e9<\/span><span lang=\"ES-TRAD\">ste pueda ejercer su derecho a bloquear, eliminar y rechazar el uso de Cookies en todo momento.<\/span><\/p><p><span lang=\"ES-TRAD\">En cualquier caso te informamos que puedes bloquearlas o deshabilitarlas activando la configuraci\u00f3n de tu navegador, que te permite rechazar la instalaci\u00f3n de todas las Cookies o de algunas de ellas. La pr\u00e1ctica mayor\u00eda de los navegadores permiten advertir de la presencia de Cookies o rechazarlas autom\u00e1ticamente. Si las rechazas podr\u00e1 seguir usando este sitio Web, aunque el uso de algunos de sus servicios podr\u00e1 ser limitado y por tanto tu experiencia en nuestro sitio Web menos satisfactoria.<\/span><\/p><p><span lang=\"PT\">A continuaci<\/span><span lang=\"ES-TRAD\">\u00f3n te indicamos los links de los principales navegadores y dispositivos para que dispongas de toda la informaci\u00f3<\/span><span lang=\"PT\">n para consultar c<\/span><span lang=\"ES-TRAD\">\u00f3mo gestionar las cookies en tu navegador.<\/span><\/p><p><span lang=\"FR\">Internet Explorer\u00a0<\/span><span lang=\"EN-US\">\u2122: https:\/\/windows.microsoft.com\/es-ES\/windows7\/How-to-manage-cookies-in-Internet-Explorer-9<\/span><\/p><p><span lang=\"EN-US\">Safari \u2122: https:\/\/support.apple.com\/kb\/HT1677?viewlocale=es_ES<\/span><\/p><p><span lang=\"DE\">Google Chrome\u00a0<\/span><span lang=\"EN-US\">\u2122: https:\/\/support.google.com\/chrome\/answer\/95647?hl=es&amp;hlrm=en<\/span><\/p><p><span lang=\"IT\">Mozilla Firefox\u00a0<\/span><span lang=\"ES-TRAD\">\u2122<\/span>: https:\/\/support.mozilla.org\/es\/kb\/cookies-informacion-que-los-sitios-web-guardan-en-?redirectlocale=en-US&amp;redirectslug=Cookies<\/p><p><span lang=\"ES-TRAD\">El Usuario puede revocar su consentimiento para el uso de cookies (opt-out), en su navegador, a trav<\/span><span lang=\"FR\">\u00e9<\/span><span lang=\"ES-TRAD\">s de la configuraci\u00f3n de las opciones que los navegadores ponen a su disposici\u00f3<\/span><span lang=\"PT\">n para esta finalidad.<\/span><\/p><p><span lang=\"ES-TRAD\">\u00bfACTUALIZAMOS NUESTRA POL\u00cd<\/span><span lang=\"ZH-TW\">TICA DE COOKIES?<\/span><\/p><p><span lang=\"DE\"><span style=\"letter-spacing: 0.189px; color: var(--text-color-body); background-color: var(--background-color); font-family: var(--font-text);\">WWW.ZIABRAND.COM<\/span>\u00a0<\/span><span lang=\"ES-TRAD\">\u00a0puede modificar esta Pol\u00edtica de Cookies en funci\u00f3n de nuevas exigencias legislativas, reglamentarias, o con la finalidad de adaptar dicha pol\u00edtica a las instrucciones dictadas por la Agencia Espa\u00f1ola de Protecci\u00f3<\/span><span lang=\"PT\">n de Datos.<\/span><\/p><p><span lang=\"ES-TRAD\">Por ello, es posible que actualicemos la Pol\u00edtica de Cookies de nuestro sitio Web, recomend\u00e1ndote revisar esta pol\u00edtica en alguna ocasi\u00f3n que acceda a\u00a0<span style=\"letter-spacing: 0.189px;\">WWW.ZIABRAND.COM<\/span>\u00a0, con el objetivo de estar adecuadamente informado sobre c\u00f3mo y para qu<\/span><span lang=\"FR\">\u00e9\u00a0<\/span><span lang=\"ES-TRAD\">usamos las Cookies.<\/span><\/p><\/section>\t\t\t\t\t\t\t\t<\/div>\n\t\t\t\t<\/div>\n\t\t\t\t<\/div>\n\t\t\t\t<\/div>","protected":false},"excerpt":{"rendered":"<p>De acuerdo con la normativa vigente, facilitamos a los Usuarios la informaci\u00f3n relativa a las cookies que utilizamos&hellip;<\/p>","protected":false},"author":3,"featured_media":0,"parent":0,"menu_order":0,"comment_status":"closed","ping_status":"closed","template":"","meta":{"footnotes":""},"class_list":["post-3734","page","type-page","status-publish","hentry"],"_links":{"self":[{"href":"https:\/\/www.ziabrand.com\/en\/wp-json\/wp\/v2\/pages\/3734","targetHints":{"allow":["GET"]}}],"collection":[{"href":"https:\/\/www.ziabrand.com\/en\/wp-json\/wp\/v2\/pages"}],"about":[{"href":"https:\/\/www.ziabrand.com\/en\/wp-json\/wp\/v2\/types\/page"}],"author":[{"embeddable":true,"href":"https:\/\/www.ziabrand.com\/en\/wp-json\/wp\/v2\/users\/3"}],"replies":[{"embeddable":true,"href":"https:\/\/www.ziabrand.com\/en\/wp-json\/wp\/v2\/comments?post=3734"}],"version-history":[{"count":7,"href":"https:\/\/www.ziabrand.com\/en\/wp-json\/wp\/v2\/pages\/3734\/revisions"}],"predecessor-version":[{"id":3741,"href":"https:\/\/www.ziabrand.com\/en\/wp-json\/wp\/v2\/pages\/3734\/revisions\/3741"}],"wp:attachment":[{"href":"https:\/\/www.ziabrand.com\/en\/wp-json\/wp\/v2\/media?parent=3734"}],"curies":[{"name":"wp","href":"https:\/\/api.w.org\/{rel}","templated":true}]}}